{"id":2,"date":"2017-08-26T12:48:49","date_gmt":"2017-08-26T10:48:49","guid":{"rendered":"http:\/\/mc-plus.pl\/?page_id=2"},"modified":"2023-02-12T22:01:41","modified_gmt":"2023-02-12T21:01:41","slug":"home","status":"publish","type":"page","link":"https:\/\/mc-plus.pl\/en\/","title":{"rendered":"MC PLUS Gda\u0144sk"},"content":{"rendered":"<p>[vc_row][vc_column][vc_column_text]<\/p>\n<p style=\"text-align: center;\">\n\t\t<style>\n\t\t\t#wpls-logo-showcase-slider-2 .wpls-fix-box,\n\t\t\t#wpls-logo-showcase-slider-2 .wpls-fix-box img.wp-post-image{max-height:40px; }\n\t\t<\/style>\n\n\t\t<div class=\"wpls-wrap wpls-logo-showcase-slider-wrp wpls-logo-clearfix wpls-design-1 \" data-conf=\"{&quot;slides_column&quot;:&quot;8&quot;,&quot;slides_scroll&quot;:&quot;8&quot;,&quot;dots&quot;:&quot;false&quot;,&quot;arrows&quot;:&quot;true&quot;,&quot;autoplay&quot;:&quot;true&quot;,&quot;autoplay_interval&quot;:3000,&quot;loop&quot;:&quot;true&quot;,&quot;rtl&quot;:&quot;false&quot;,&quot;speed&quot;:800,&quot;center_mode&quot;:&quot;false&quot;,&quot;lazyload&quot;:&quot;&quot;}\">\n\t\t\t<div class=\"wpls-logo-showcase logo_showcase wpls-logo-slider  sliderimage_hide_border wpls-dots-false\" id=\"wpls-logo-showcase-slider-2\" >\n\t\t\t\t<div class=\"wpls-logo-cnt\">\n\t<div class=\"wpls-fix-box\">\n\t\t\t\t<a href=\"https:\/\/www.bridgestone.pl\/osobowe-4x4-i-dostawcze\/katalog-opon\/\" target=\"_blank\">\n\t\t\t<img class=\"wp-post-image\"  src=\"https:\/\/mc-plus.pl\/wp-content\/uploads\/2021\/01\/3a-bridgestone.jpg\" alt=\"opony bridgestone\" \/>\n\t\t<\/a>\n\t\t\t<\/div>\n\t<\/div><div class=\"wpls-logo-cnt\">\n\t<div class=\"wpls-fix-box\">\n\t\t\t\t<a href=\"https:\/\/www.michelin.pl\/auto\/browse-tyres\/by-category\/opony-do-samochodow-osobowych\" target=\"_blank\">\n\t\t\t<img class=\"wp-post-image\"  src=\"https:\/\/mc-plus.pl\/wp-content\/uploads\/2021\/01\/2-michelin.jpg\" alt=\"opony michelin\" \/>\n\t\t<\/a>\n\t\t\t<\/div>\n\t<\/div><div class=\"wpls-logo-cnt\">\n\t<div class=\"wpls-fix-box\">\n\t\t\t\t<a href=\"https:\/\/www.goodyear.eu\/pl_pl\/consumer.html\" target=\"_blank\">\n\t\t\t<img class=\"wp-post-image\"  src=\"https:\/\/mc-plus.pl\/wp-content\/uploads\/2021\/01\/1-goodyear.jpg\" alt=\"opony goodyear\" \/>\n\t\t<\/a>\n\t\t\t<\/div>\n\t<\/div><div class=\"wpls-logo-cnt\">\n\t<div class=\"wpls-fix-box\">\n\t\t\t\t<a href=\"https:\/\/www.pirelli.com\/tyres\/pl-pl\/car\/homepage\" target=\"_blank\">\n\t\t\t<img class=\"wp-post-image\"  src=\"https:\/\/mc-plus.pl\/wp-content\/uploads\/2021\/01\/4-pirelli.jpg\" alt=\"opony pirelli\" \/>\n\t\t<\/a>\n\t\t\t<\/div>\n\t<\/div><div class=\"wpls-logo-cnt\">\n\t<div class=\"wpls-fix-box\">\n\t\t\t\t<a href=\"https:\/\/www.dunlop.eu\/pl_pl\/consumer.html\" target=\"_blank\">\n\t\t\t<img class=\"wp-post-image\"  src=\"https:\/\/mc-plus.pl\/wp-content\/uploads\/2021\/01\/3b-dunlop.jpg\" alt=\"opony dunlop\" \/>\n\t\t<\/a>\n\t\t\t<\/div>\n\t<\/div><div class=\"wpls-logo-cnt\">\n\t<div class=\"wpls-fix-box\">\n\t\t\t\t<a href=\"https:\/\/www.uniroyal.pl\/samochod\" target=\"_blank\">\n\t\t\t<img class=\"wp-post-image\"  src=\"https:\/\/mc-plus.pl\/wp-content\/uploads\/2021\/01\/6-uniroyal.jpg\" alt=\"opony uniroyal\" \/>\n\t\t<\/a>\n\t\t\t<\/div>\n\t<\/div><div class=\"wpls-logo-cnt\">\n\t<div class=\"wpls-fix-box\">\n\t\t\t\t<a href=\"https:\/\/yokohama-online.pl\/\" target=\"_blank\">\n\t\t\t<img class=\"wp-post-image\"  src=\"https:\/\/mc-plus.pl\/wp-content\/uploads\/2021\/01\/7-yokohama.jpg\" alt=\"opony yokohama\" \/>\n\t\t<\/a>\n\t\t\t<\/div>\n\t<\/div><div class=\"wpls-logo-cnt\">\n\t<div class=\"wpls-fix-box\">\n\t\t\t\t<a href=\"https:\/\/www.continental-opony.pl\/samochod\" target=\"_blank\">\n\t\t\t<img class=\"wp-post-image\"  src=\"https:\/\/mc-plus.pl\/wp-content\/uploads\/2021\/01\/5-continental.jpg\" alt=\"opony continental\" \/>\n\t\t<\/a>\n\t\t\t<\/div>\n\t<\/div><div class=\"wpls-logo-cnt\">\n\t<div class=\"wpls-fix-box\">\n\t\t\t\t<a href=\"https:\/\/www.hankooktire.com\/pl\/\" target=\"_blank\">\n\t\t\t<img class=\"wp-post-image\"  src=\"https:\/\/mc-plus.pl\/wp-content\/uploads\/2021\/01\/9-hankook.jpg\" alt=\"opony hankook\" \/>\n\t\t<\/a>\n\t\t\t<\/div>\n\t<\/div><div class=\"wpls-logo-cnt\">\n\t<div class=\"wpls-fix-box\">\n\t\t\t\t<a href=\"https:\/\/www.firestone.pl\/osobowe-suv-4x4\/\" target=\"_blank\">\n\t\t\t<img class=\"wp-post-image\"  src=\"https:\/\/mc-plus.pl\/wp-content\/uploads\/2021\/01\/10-Firestone.jpg\" alt=\"opony firestone\" \/>\n\t\t<\/a>\n\t\t\t<\/div>\n\t<\/div><div class=\"wpls-logo-cnt\">\n\t<div class=\"wpls-fix-box\">\n\t\t\t\t<a href=\"https:\/\/www.fulda.com\/fulda_pl_pl\/\" target=\"_blank\">\n\t\t\t<img class=\"wp-post-image\"  src=\"https:\/\/mc-plus.pl\/wp-content\/uploads\/2021\/01\/11-fulda.jpg\" alt=\"opony fulda\" \/>\n\t\t<\/a>\n\t\t\t<\/div>\n\t<\/div><div class=\"wpls-logo-cnt\">\n\t<div class=\"wpls-fix-box\">\n\t\t\t\t<a href=\"https:\/\/www.debica.com.pl\/opony\" target=\"_blank\">\n\t\t\t<img class=\"wp-post-image\"  src=\"https:\/\/mc-plus.pl\/wp-content\/uploads\/2021\/01\/12-d\u0119bica.jpg\" alt=\"opony d\u0119bica\" \/>\n\t\t<\/a>\n\t\t\t<\/div>\n\t<\/div><div class=\"wpls-logo-cnt\">\n\t<div class=\"wpls-fix-box\">\n\t\t\t\t<a href=\"https:\/\/pl.wikipedia.org\/wiki\/Michelin_Polska\" target=\"_blank\">\n\t\t\t<img class=\"wp-post-image\"  src=\"https:\/\/mc-plus.pl\/wp-content\/uploads\/2021\/01\/13-kormoran.jpg\" alt=\"opony kormoran\" \/>\n\t\t<\/a>\n\t\t\t<\/div>\n\t<\/div><div class=\"wpls-logo-cnt\">\n\t<div class=\"wpls-fix-box\">\n\t\t\t\t<a href=\"https:\/\/www.barum-opony.pl\/samochod\/o-firmie-barum\/historia\" target=\"_blank\">\n\t\t\t<img class=\"wp-post-image\"  src=\"https:\/\/mc-plus.pl\/wp-content\/uploads\/2021\/01\/14-barum.jpg\" alt=\"opony barum\" \/>\n\t\t<\/a>\n\t\t\t<\/div>\n\t<\/div><div class=\"wpls-logo-cnt\">\n\t<div class=\"wpls-fix-box\">\n\t\t\t\t<a href=\"https:\/\/www.kleber.pl\/auto\/\" target=\"_blank\">\n\t\t\t<img class=\"wp-post-image\"  src=\"https:\/\/mc-plus.pl\/wp-content\/uploads\/2021\/01\/15-kleber.jpg\" alt=\"opony kleber\" \/>\n\t\t<\/a>\n\t\t\t<\/div>\n\t<\/div><div class=\"wpls-logo-cnt\">\n\t<div class=\"wpls-fix-box\">\n\t\t\t\t<a href=\"https:\/\/www.sava-tires.com\/sava\/pl\/about-us\/who-we-are\/\" target=\"_blank\">\n\t\t\t<img class=\"wp-post-image\"  src=\"https:\/\/mc-plus.pl\/wp-content\/uploads\/2021\/01\/16-sava.jpg\" alt=\"opony sava\" \/>\n\t\t<\/a>\n\t\t\t<\/div>\n\t<\/div><div class=\"wpls-logo-cnt\">\n\t<div class=\"wpls-fix-box\">\n\t\t\t\t<a href=\"https:\/\/www.nokiantyres.pl\/\" target=\"_blank\">\n\t\t\t<img class=\"wp-post-image\"  src=\"https:\/\/mc-plus.pl\/wp-content\/uploads\/2021\/01\/17-nokian.jpg\" alt=\"opony nokian tyres\" \/>\n\t\t<\/a>\n\t\t\t<\/div>\n\t<\/div><div class=\"wpls-logo-cnt\">\n\t<div class=\"wpls-fix-box\">\n\t\t\t\t<a href=\"https:\/\/www.kellytires.com\/\" target=\"_blank\">\n\t\t\t<img class=\"wp-post-image\"  src=\"https:\/\/mc-plus.pl\/wp-content\/uploads\/2021\/01\/21-kelly.jpg\" alt=\"opony kelly tires\" \/>\n\t\t<\/a>\n\t\t\t<\/div>\n\t<\/div><div class=\"wpls-logo-cnt\">\n\t<div class=\"wpls-fix-box\">\n\t\t\t\t<a href=\"https:\/\/www.mabor-tyres.com\/car\" target=\"_blank\">\n\t\t\t<img class=\"wp-post-image\"  src=\"https:\/\/mc-plus.pl\/wp-content\/uploads\/2021\/01\/20-mabor.jpg\" alt=\"opony mabor\" \/>\n\t\t<\/a>\n\t\t\t<\/div>\n\t<\/div><div class=\"wpls-logo-cnt\">\n\t<div class=\"wpls-fix-box\">\n\t\t\t\t<a href=\"https:\/\/www.matador-opony.pl\/samochod\/o-marce\" target=\"_blank\">\n\t\t\t<img class=\"wp-post-image\"  src=\"https:\/\/mc-plus.pl\/wp-content\/uploads\/2021\/01\/19-matador.jpg\" alt=\"opony matador\" \/>\n\t\t<\/a>\n\t\t\t<\/div>\n\t<\/div><div class=\"wpls-logo-cnt\">\n\t<div class=\"wpls-fix-box\">\n\t\t\t\t<a href=\"https:\/\/www.vredestein.pl\/car-suv-van\/tyre-finder\/tyres\/\" target=\"_blank\">\n\t\t\t<img class=\"wp-post-image\"  src=\"https:\/\/mc-plus.pl\/wp-content\/uploads\/2021\/01\/24-vredestein.jpg\" alt=\"opony vredestein\" \/>\n\t\t<\/a>\n\t\t\t<\/div>\n\t<\/div><div class=\"wpls-logo-cnt\">\n\t<div class=\"wpls-fix-box\">\n\t\t\t\t<a href=\"https:\/\/www.toyotire.pl\/\" target=\"_blank\">\n\t\t\t<img class=\"wp-post-image\"  src=\"https:\/\/mc-plus.pl\/wp-content\/uploads\/2021\/01\/23-toyo-tires.jpg\" alt=\"opony toyo tires\" \/>\n\t\t<\/a>\n\t\t\t<\/div>\n\t<\/div><div class=\"wpls-logo-cnt\">\n\t<div class=\"wpls-fix-box\">\n\t\t\t\t<a href=\"https:\/\/www.unigriptyre.com\/\" target=\"_blank\">\n\t\t\t<img class=\"wp-post-image\"  src=\"https:\/\/mc-plus.pl\/wp-content\/uploads\/2021\/01\/22-unigrip.jpg\" alt=\"opony unigrip\" \/>\n\t\t<\/a>\n\t\t\t<\/div>\n\t<\/div><div class=\"wpls-logo-cnt\">\n\t<div class=\"wpls-fix-box\">\n\t\t\t\t<a href=\"http:\/\/www.dayton.eu\/pl\" target=\"_blank\">\n\t\t\t<img class=\"wp-post-image\"  src=\"https:\/\/mc-plus.pl\/wp-content\/uploads\/2021\/01\/26-dayton.jpg\" alt=\"opony dayton\" \/>\n\t\t<\/a>\n\t\t\t<\/div>\n\t<\/div><div class=\"wpls-logo-cnt\">\n\t<div class=\"wpls-fix-box\">\n\t\t\t\t<a href=\"http:\/\/www.starfiretires.com.au\/\" target=\"_blank\">\n\t\t\t<img class=\"wp-post-image\"  src=\"https:\/\/mc-plus.pl\/wp-content\/uploads\/2021\/01\/25-starfire.jpg\" alt=\"opony starfire tires\" \/>\n\t\t<\/a>\n\t\t\t<\/div>\n\t<\/div><div class=\"wpls-logo-cnt\">\n\t<div class=\"wpls-fix-box\">\n\t\t\t\t<a href=\"https:\/\/www.triangletire.cn\/\" target=\"_blank\">\n\t\t\t<img class=\"wp-post-image\"  src=\"https:\/\/mc-plus.pl\/wp-content\/uploads\/2021\/01\/29-triangle.jpg\" alt=\"opony triangle\" \/>\n\t\t<\/a>\n\t\t\t<\/div>\n\t<\/div><div class=\"wpls-logo-cnt\">\n\t<div class=\"wpls-fix-box\">\n\t\t\t\t<a href=\"https:\/\/mitas-tyres.com\/pl\" target=\"_blank\">\n\t\t\t<img class=\"wp-post-image\"  src=\"https:\/\/mc-plus.pl\/wp-content\/uploads\/2021\/01\/28-mitas.jpg\" alt=\"opony mitas\" \/>\n\t\t<\/a>\n\t\t\t<\/div>\n\t<\/div><div class=\"wpls-logo-cnt\">\n\t<div class=\"wpls-fix-box\">\n\t\t\t\t<a href=\"https:\/\/www.viking-opony.pl\/samochod\/the-brand\" target=\"_blank\">\n\t\t\t<img class=\"wp-post-image\"  src=\"https:\/\/mc-plus.pl\/wp-content\/uploads\/2021\/01\/27-viking.jpg\" alt=\"opony viking\" \/>\n\t\t<\/a>\n\t\t\t<\/div>\n\t<\/div><div class=\"wpls-logo-cnt\">\n\t<div class=\"wpls-fix-box\">\n\t\t\t\t<a href=\"https:\/\/www.bandag.com\/en-us\/index\" target=\"_blank\">\n\t\t\t<img class=\"wp-post-image\"  src=\"https:\/\/mc-plus.pl\/wp-content\/uploads\/2021\/01\/bandag.jpg\" alt=\"opony bandag\" \/>\n\t\t<\/a>\n\t\t\t<\/div>\n\t<\/div><div class=\"wpls-logo-cnt\">\n\t<div class=\"wpls-fix-box\">\n\t\t\t\t<a href=\"https:\/\/tyfoonbanden.nl\/?lang=en\" target=\"_blank\">\n\t\t\t<img class=\"wp-post-image\"  src=\"https:\/\/mc-plus.pl\/wp-content\/uploads\/2021\/01\/30-tyfoon.jpg\" alt=\"opony Tyfoon\" \/>\n\t\t<\/a>\n\t\t\t<\/div>\n\t<\/div><div class=\"wpls-logo-cnt\">\n\t<div class=\"wpls-fix-box\">\n\t\t\t\t<a href=\"https:\/\/duro.pl\/\" target=\"_blank\">\n\t\t\t<img class=\"wp-post-image\"  src=\"https:\/\/mc-plus.pl\/wp-content\/uploads\/2021\/01\/duro.jpg\" alt=\"opony duro\" \/>\n\t\t<\/a>\n\t\t\t<\/div>\n\t<\/div><div class=\"wpls-logo-cnt\">\n\t<div class=\"wpls-fix-box\">\n\t\t\t\t<a href=\"https:\/\/www.bfgoodrich.pl\/\" target=\"_blank\">\n\t\t\t<img class=\"wp-post-image\"  src=\"https:\/\/mc-plus.pl\/wp-content\/uploads\/2021\/01\/bf-goodrich.jpg\" alt=\"opony bfgoodrich\" \/>\n\t\t<\/a>\n\t\t\t<\/div>\n\t<\/div><div class=\"wpls-logo-cnt\">\n\t<div class=\"wpls-fix-box\">\n\t\t\t\t<a href=\"https:\/\/www.metzeler.com\/pl-pl\/home\" target=\"_blank\">\n\t\t\t<img class=\"wp-post-image\"  src=\"https:\/\/mc-plus.pl\/wp-content\/uploads\/2021\/01\/metzeler.jpg\" alt=\"opony metzeler\" \/>\n\t\t<\/a>\n\t\t\t<\/div>\n\t<\/div><div class=\"wpls-logo-cnt\">\n\t<div class=\"wpls-fix-box\">\n\t\t\t\t<a href=\"https:\/\/www.mickeythompsontires.com\/\" target=\"_blank\">\n\t\t\t<img class=\"wp-post-image\"  src=\"https:\/\/mc-plus.pl\/wp-content\/uploads\/2021\/01\/mickey-thomson.jpg\" alt=\"opony mickey thompson\" \/>\n\t\t<\/a>\n\t\t\t<\/div>\n\t<\/div><div class=\"wpls-logo-cnt\">\n\t<div class=\"wpls-fix-box\">\n\t\t\t\t<a href=\"https:\/\/falkenopony.pl\/\" target=\"_blank\">\n\t\t\t<img class=\"wp-post-image\"  src=\"https:\/\/mc-plus.pl\/wp-content\/uploads\/2021\/01\/falken.jpg\" alt=\"opony falken\" \/>\n\t\t<\/a>\n\t\t\t<\/div>\n\t<\/div><div class=\"wpls-logo-cnt\">\n\t<div class=\"wpls-fix-box\">\n\t\t\t\t<a href=\"http:\/\/www.recip-pneus.com\/\" target=\"_blank\">\n\t\t\t<img class=\"wp-post-image\"  src=\"https:\/\/mc-plus.pl\/wp-content\/uploads\/2021\/01\/recip-pneus.jpg\" alt=\"opony recip pneus\" \/>\n\t\t<\/a>\n\t\t\t<\/div>\n\t<\/div><div class=\"wpls-logo-cnt\">\n\t<div class=\"wpls-fix-box\">\n\t\t\t\t<a href=\"https:\/\/www.tyres-pneus-online.ie\/car-tyres\/pneumant\/\" target=\"_blank\">\n\t\t\t<img class=\"wp-post-image\"  src=\"https:\/\/mc-plus.pl\/wp-content\/uploads\/2021\/01\/pneumant.jpg\" alt=\"opony pneumant\" \/>\n\t\t<\/a>\n\t\t\t<\/div>\n\t<\/div><div class=\"wpls-logo-cnt\">\n\t<div class=\"wpls-fix-box\">\n\t\t\t\t<a href=\"https:\/\/www.platin-wheels.com\/pl\/opony-platin-tyres\/\" target=\"_blank\">\n\t\t\t<img class=\"wp-post-image\"  src=\"https:\/\/mc-plus.pl\/wp-content\/uploads\/2021\/01\/platin.jpg\" alt=\"opony platin\" \/>\n\t\t<\/a>\n\t\t\t<\/div>\n\t<\/div><div class=\"wpls-logo-cnt\">\n\t<div class=\"wpls-fix-box\">\n\t\t\t\t<a href=\"https:\/\/www.taurus-tyres.com\/\" target=\"_blank\">\n\t\t\t<img class=\"wp-post-image\"  src=\"https:\/\/mc-plus.pl\/wp-content\/uploads\/2021\/01\/taurus.jpg\" alt=\"opony taurus\" \/>\n\t\t<\/a>\n\t\t\t<\/div>\n\t<\/div><div class=\"wpls-logo-cnt\">\n\t<div class=\"wpls-fix-box\">\n\t\t\t\t<a href=\"https:\/\/www.riken.com\/\" target=\"_blank\">\n\t\t\t<img class=\"wp-post-image\"  src=\"https:\/\/mc-plus.pl\/wp-content\/uploads\/2021\/01\/riken.jpg\" alt=\"opony riken\" \/>\n\t\t<\/a>\n\t\t\t<\/div>\n\t<\/div><div class=\"wpls-logo-cnt\">\n\t<div class=\"wpls-fix-box\">\n\t\t\t\t<a href=\"https:\/\/www.zeta-tyres.com\/\" target=\"_blank\">\n\t\t\t<img class=\"wp-post-image\"  src=\"https:\/\/mc-plus.pl\/wp-content\/uploads\/2021\/01\/zeta.jpg\" alt=\"opony zeta\" \/>\n\t\t<\/a>\n\t\t\t<\/div>\n\t<\/div><div class=\"wpls-logo-cnt\">\n\t<div class=\"wpls-fix-box\">\n\t\t\t\t<a href=\"http:\/\/wanlitire-hf.com\/en\/info_81.aspx?itemid=110\" target=\"_blank\">\n\t\t\t<img class=\"wp-post-image\"  src=\"https:\/\/mc-plus.pl\/wp-content\/uploads\/2021\/01\/wanli.jpg\" alt=\"opony wanli\" \/>\n\t\t<\/a>\n\t\t\t<\/div>\n\t<\/div><div class=\"wpls-logo-cnt\">\n\t<div class=\"wpls-fix-box\">\n\t\t\t\t<a href=\"https:\/\/www.tigar-tyres.com\/\" target=\"_blank\">\n\t\t\t<img class=\"wp-post-image\"  src=\"https:\/\/mc-plus.pl\/wp-content\/uploads\/2021\/01\/tigar.jpg\" alt=\"opony tigar\" \/>\n\t\t<\/a>\n\t\t\t<\/div>\n\t<\/div>\t\t\t<\/div>\n\t\t<\/div>\n<p>[\/vc_column_text][vc_column_text]<\/p>\n<h1 style=\"text-align: center;\">MC-PLUS TIRE SERVICE GDA\u0143SK &#8211; OFFER<\/h1>\n<p>[\/vc_column_text][vc_row_inner css=&#8221;.vc_custom_1518871260007{margin-top: 50px !important;}&#8221;][vc_column_inner width=&#8221;1\/4&#8243;][vc_single_image image=&#8221;1249&#8243; img_size=&#8221;full&#8221; alignment=&#8221;center&#8221; onclick=&#8221;custom_link&#8221; title=&#8221;Tire Repair Service&#8221; link=&#8221;http:\/\/mc-plus.pl\/en\/wulkanizacja\/&#8221;][\/vc_column_inner][vc_column_inner width=&#8221;1\/4&#8243;][vc_single_image image=&#8221;1250&#8243; img_size=&#8221;full&#8221; alignment=&#8221;center&#8221; onclick=&#8221;custom_link&#8221; title=&#8221;Tire Change&#8221; link=&#8221;http:\/\/mc-plus.pl\/en\/wymiana-opon\/&#8221;][\/vc_column_inner][vc_column_inner width=&#8221;1\/4&#8243;][vc_single_image image=&#8221;1248&#8243; img_size=&#8221;full&#8221; alignment=&#8221;center&#8221; onclick=&#8221;custom_link&#8221; title=&#8221;Tire Slaes&#8221; link=&#8221;http:\/\/mc-plus.pl\/en\/sprzedaz-opon\/&#8221;][\/vc_column_inner][vc_column_inner width=&#8221;1\/4&#8243;][vc_single_image image=&#8221;1245&#8243; img_size=&#8221;full&#8221; alignment=&#8221;center&#8221; onclick=&#8221;custom_link&#8221; title=&#8221;Tire Storage&#8221; link=&#8221;http:\/\/mc-plus.pl\/en\/przechowalnia-opon\/&#8221;][\/vc_column_inner][\/vc_row_inner][vc_row_inner css=&#8221;.vc_custom_1518871260007{margin-top: 50px !important;}&#8221;][vc_column_inner width=&#8221;1\/4&#8243;][vc_single_image image=&#8221;1244&#8243; img_size=&#8221;full&#8221; alignment=&#8221;center&#8221; onclick=&#8221;custom_link&#8221; title=&#8221;Car repair Service&#8221; link=&#8221;http:\/\/mc-plus.pl\/en\/naprawy-biezace\/&#8221;][\/vc_column_inner][vc_column_inner width=&#8221;1\/4&#8243;][vc_single_image image=&#8221;1246&#8243; img_size=&#8221;full&#8221; alignment=&#8221;center&#8221; onclick=&#8221;custom_link&#8221; title=&#8221;Renovation of rims&#8221; link=&#8221;http:\/\/mc-plus.pl\/en\/regeneracja-felg\/&#8221;][\/vc_column_inner][vc_column_inner width=&#8221;1\/4&#8243;][vc_single_image image=&#8221;1247&#8243; img_size=&#8221;full&#8221; alignment=&#8221;center&#8221; onclick=&#8221;custom_link&#8221; title=&#8221;Air Conditioning&#8221; link=&#8221;http:\/\/mc-plus.pl\/en\/serwis-klimatyzacji\/&#8221;][\/vc_column_inner][vc_column_inner width=&#8221;1\/4&#8243;][vc_single_image image=&#8221;1243&#8243; img_size=&#8221;full&#8221; alignment=&#8221;center&#8221; onclick=&#8221;custom_link&#8221; title=&#8221;Spare Parts&#8221; link=&#8221;http:\/\/mc-plus.pl\/en\/sprzedaz-czesci\/&#8221;][\/vc_column_inner][\/vc_row_inner][vc_column_text]<\/p>\n<h1 style=\"text-align: center;\">ABOUT MC-PLUS TIRE REPAIR SERVICE<\/h1>\n<p>[\/vc_column_text][vc_column_text]<\/p>\n<p style=\"text-align: JUSTIFY;\"><img loading=\"lazy\" class=\"alignright wp-image-1050\" src=\"http:\/\/mc-plus.pl\/wp-content\/uploads\/2021\/01\/sezonowa-wymiana-opon-2-300x225.jpg\" alt=\"wulkanizacja gda\u0144sk\" width=\"500\" height=\"375\" srcset=\"https:\/\/mc-plus.pl\/wp-content\/uploads\/2021\/01\/sezonowa-wymiana-opon-2-300x225.jpg 300w, https:\/\/mc-plus.pl\/wp-content\/uploads\/2021\/01\/sezonowa-wymiana-opon-2-768x576.jpg 768w, https:\/\/mc-plus.pl\/wp-content\/uploads\/2021\/01\/sezonowa-wymiana-opon-2.jpg 800w\" sizes=\"(max-width: 500px) 100vw, 500px\" \/>Thank you for visiting the website of the Vulcanization MC Plus Tire Repair Service. Our service is located in Gda\u0144sk at 16 Struga Street (entry from Kartuska Street).<\/p>\n<p style=\"text-align: JUSTIFY;\">For several years, we have been successfully serving clients from the Tri-City. Our main activity is <strong>tire repair service<\/strong> and tires sales. We offer our clients seasonal tire change and tire storage. In our store You can buy tires (e.g. <strong>Michelin, Goodyear, Continental, Bridgestone, Pirelli, Nokian, Dunlop<\/strong>), middle class tires (e.g. <strong>Fulda, Hankook, Firestone, Uniroyal, BF Goodrich<\/strong>) and economy class tires (<strong>Kormoran, D\u0119bica, Barum, Dayton, Mabor<\/strong>). Our offer includes summer, winter and all-season tires for passenger cars, buses and off-road vehicles. We have directional, symmetrical and asymmetrical models.<\/p>\n<p style=\"text-align: JUSTIFY;\">We also sell aluminum and steel rims. In addition, we deal with the regeneration of rims. Our professional car service also offers car air conditioning service. We also carry out ongoing repairs (braking, exhaust, suspension, steering systems).<\/p>\n<p style=\"text-align: JUSTIFY;\">Due to its location, in the vicinity\u00a0 in Gda\u0144sk (50m away from Kartuska Strret), our tire service is a natural choice for drivers from the following districts of Gda\u0144sk: Siedlce, Morena, Jasie\u0144, \u015ar\u00f3dmiescie, \u0141ostowice, Suchanino, Uje\u015bcisko, Piecki Migowo, Orunia, Wzg\u00f3rze Mickiewicza, Zakoniczyn, Stare Szkoty, Olszynka, Anio\u0142ki, Che\u0142m .<\/p>\n<p style=\"text-align: JUSTIFY;\">MC Plus is located 1.2 km from Carrefour Gda\u0144sk Morena and 6.9 km from Auchan Gda\u0144sk Jasie\u0144.<\/p>\n<p style=\"text-align: JUSTIFY;\">Our car shop offers very attractive prices.<\/p>\n<p>[\/vc_column_text][\/vc_column][\/vc_row][vc_row][vc_column][vc_column_text]<\/p>\n<h1 style=\"text-align: center;\">DIFFERENT TYPES OF TIRES &amp; RIMS<\/h1>\n<p>[\/vc_column_text][vc_row_inner css=&#8221;.vc_custom_1518871260007{margin-top: 50px !important;}&#8221;][vc_column_inner width=&#8221;1\/4&#8243;][vc_single_image image=&#8221;1224&#8243; img_size=&#8221;full&#8221; alignment=&#8221;center&#8221; title=&#8221;Summer Tires&#8221;][\/vc_column_inner][vc_column_inner width=&#8221;1\/4&#8243;][vc_single_image image=&#8221;1214&#8243; img_size=&#8221;full&#8221; alignment=&#8221;center&#8221; title=&#8221;Winter Tires&#8221;][\/vc_column_inner][vc_column_inner width=&#8221;1\/4&#8243;][vc_single_image image=&#8221;1215&#8243; img_size=&#8221;full&#8221; alignment=&#8221;center&#8221; title=&#8221;All Season Tires&#8221;][\/vc_column_inner][vc_column_inner width=&#8221;1\/4&#8243;][vc_single_image image=&#8221;1216&#8243; img_size=&#8221;full&#8221; alignment=&#8221;center&#8221; title=&#8221;Run-Flat Tires&#8221;][\/vc_column_inner][\/vc_row_inner][vc_row_inner css=&#8221;.vc_custom_1518871260007{margin-top: 50px !important;}&#8221;][vc_column_inner width=&#8221;1\/4&#8243;][vc_single_image image=&#8221;1210&#8243; img_size=&#8221;full&#8221; alignment=&#8221;center&#8221; title=&#8221;Asymmetric Tires&#8221;][\/vc_column_inner][vc_column_inner width=&#8221;1\/4&#8243;][vc_single_image image=&#8221;1209&#8243; img_size=&#8221;full&#8221; alignment=&#8221;center&#8221; title=&#8221;Symmetric Tires&#8221;][\/vc_column_inner][vc_column_inner width=&#8221;1\/4&#8243;][vc_single_image image=&#8221;1211&#8243; img_size=&#8221;full&#8221; alignment=&#8221;center&#8221; title=&#8221;Directional Tires&#8221;][\/vc_column_inner][vc_column_inner width=&#8221;1\/4&#8243;][vc_single_image image=&#8221;1232&#8243; img_size=&#8221;full&#8221; alignment=&#8221;center&#8221; title=&#8221;Off-Road Tires&#8221;][\/vc_column_inner][\/vc_row_inner][vc_row_inner css=&#8221;.vc_custom_1518871260007{margin-top: 50px !important;}&#8221;][vc_column_inner width=&#8221;1\/4&#8243;][vc_single_image image=&#8221;1218&#8243; img_size=&#8221;full&#8221; alignment=&#8221;center&#8221; title=&#8221;Passanger Car Tires&#8221;][\/vc_column_inner][vc_column_inner width=&#8221;1\/4&#8243;][vc_single_image image=&#8221;1219&#8243; img_size=&#8221;full&#8221; alignment=&#8221;center&#8221; title=&#8221;Van \/ Bus Tires&#8221;][\/vc_column_inner][vc_column_inner width=&#8221;1\/4&#8243;][vc_single_image image=&#8221;1220&#8243; img_size=&#8221;full&#8221; alignment=&#8221;center&#8221; title=&#8221;Rims&#8221;][\/vc_column_inner][vc_column_inner width=&#8221;1\/4&#8243;][vc_single_image image=&#8221;1212&#8243; img_size=&#8221;full&#8221; alignment=&#8221;center&#8221; title=&#8221;Tire &amp; Rim Packages&#8221;][\/vc_column_inner][\/vc_row_inner][\/vc_column][\/vc_row][vc_row][vc_column][vc_column_text]<\/p>\n<h1 style=\"text-align: center;\">TIRE REPAIR &#8211; ADDITIONAL SERVICES<\/h1>\n<p>[\/vc_column_text][vc_row_inner css=&#8221;.vc_custom_1518871260007{margin-top: 50px !important;}&#8221;][vc_column_inner width=&#8221;1\/4&#8243;][vc_single_image image=&#8221;1234&#8243; img_size=&#8221;full&#8221; alignment=&#8221;center&#8221; title=&#8221;Pressure Control&#8221;][\/vc_column_inner][vc_column_inner width=&#8221;1\/4&#8243;][vc_single_image image=&#8221;1235&#8243; img_size=&#8221;full&#8221; alignment=&#8221;center&#8221; title=&#8221;Wheel Balancing&#8221;][\/vc_column_inner][vc_column_inner width=&#8221;1\/4&#8243;][vc_single_image image=&#8221;1236&#8243; img_size=&#8221;full&#8221; alignment=&#8221;center&#8221; title=&#8221;Rim Straightening&#8221;][\/vc_column_inner][vc_column_inner width=&#8221;1\/4&#8243;][vc_single_image image=&#8221;1237&#8243; img_size=&#8221;full&#8221; alignment=&#8221;center&#8221; title=&#8221;TPMS Service&#8221;][\/vc_column_inner][\/vc_row_inner][\/vc_column][\/vc_row]<\/p>","protected":false},"excerpt":{"rendered":"<p>[vc_row][vc_column][vc_column_text] [\/vc_column_text][vc_column_text] MC-PLUS TIRE SERVICE GDA\u0143SK &#8211; OFFER [\/vc_column_text][vc_row_inner css=&#8221;.vc_custom_1518871260007{margin-top: 50px !important;}&#8221;][vc_column_inner width=&#8221;1\/4&#8243;][vc_single_image image=&#8221;1249&#8243; img_size=&#8221;full&#8221; alignment=&#8221;center&#8221; onclick=&#8221;custom_link&#8221; title=&#8221;Tire Repair Service&#8221; link=&#8221;http:\/\/mc-plus.pl\/en\/wulkanizacja\/&#8221;][\/vc_column_inner][vc_column_inner width=&#8221;1\/4&#8243;][vc_single_image image=&#8221;1250&#8243; img_size=&#8221;full&#8221; alignment=&#8221;center&#8221; onclick=&#8221;custom_link&#8221; title=&#8221;Tire Change&#8221; link=&#8221;http:\/\/mc-plus.pl\/en\/wymiana-opon\/&#8221;][\/vc_column_inner][vc_column_inner width=&#8221;1\/4&#8243;][vc_single_image image=&#8221;1248&#8243; img_size=&#8221;full&#8221; alignment=&#8221;center&#8221; onclick=&#8221;custom_link&#8221; title=&#8221;Tire Slaes&#8221; link=&#8221;http:\/\/mc-plus.pl\/en\/sprzedaz-opon\/&#8221;][\/vc_column_inner][vc_column_inner width=&#8221;1\/4&#8243;][vc_single_image image=&#8221;1245&#8243; img_size=&#8221;full&#8221; alignment=&#8221;center&#8221; onclick=&#8221;custom_link&#8221; title=&#8221;Tire Storage&#8221; link=&#8221;http:\/\/mc-plus.pl\/en\/przechowalnia-opon\/&#8221;][\/vc_column_inner][\/vc_row_inner][vc_row_inner css=&#8221;.vc_custom_1518871260007{margin-top: 50px !important;}&#8221;][vc_column_inner width=&#8221;1\/4&#8243;][vc_single_image image=&#8221;1244&#8243; img_size=&#8221;full&#8221; alignment=&#8221;center&#8221; onclick=&#8221;custom_link&#8221; title=&#8221;Car repair [&hellip;]<\/p>\n","protected":false},"author":1,"featured_media":0,"parent":0,"menu_order":0,"comment_status":"closed","ping_status":"open","template":"","meta":[],"_links":{"self":[{"href":"https:\/\/mc-plus.pl\/en\/wp-json\/wp\/v2\/pages\/2"}],"collection":[{"href":"https:\/\/mc-plus.pl\/en\/wp-json\/wp\/v2\/pages"}],"about":[{"href":"https:\/\/mc-plus.pl\/en\/wp-json\/wp\/v2\/types\/page"}],"author":[{"embeddable":true,"href":"https:\/\/mc-plus.pl\/en\/wp-json\/wp\/v2\/users\/1"}],"replies":[{"embeddable":true,"href":"https:\/\/mc-plus.pl\/en\/wp-json\/wp\/v2\/comments?post=2"}],"version-history":[{"count":125,"href":"https:\/\/mc-plus.pl\/en\/wp-json\/wp\/v2\/pages\/2\/revisions"}],"predecessor-version":[{"id":1385,"href":"https:\/\/mc-plus.pl\/en\/wp-json\/wp\/v2\/pages\/2\/revisions\/1385"}],"wp:attachment":[{"href":"https:\/\/mc-plus.pl\/en\/wp-json\/wp\/v2\/media?parent=2"}],"curies":[{"name":"wp","href":"https:\/\/api.w.org\/{rel}","templated":true}]}}